{"id":1907,"date":"2023-03-30T22:09:55","date_gmt":"2023-03-30T22:09:55","guid":{"rendered":"https:\/\/furadourohotel.com\/spa\/"},"modified":"2025-02-05T16:06:49","modified_gmt":"2025-02-05T16:06:49","slug":"spa","status":"publish","type":"page","link":"https:\/\/furadourohotel.com\/en\/spa\/","title":{"rendered":"Spa"},"content":{"rendered":"\t\t<div data-elementor-type=\"wp-page\" data-elementor-id=\"1907\" class=\"elementor elementor-1907\" data-elementor-post-type=\"page\">\n\t\t\t\t\t\t<section class=\"elementor-section elementor-top-section elementor-element elementor-element-23c58384 elementor-section-height-min-height elementor-section-full_width elementor-section-items-stretch elementor-section-content-middle elementor-section-height-default\" data-id=\"23c58384\" data-element_type=\"section\" data-e-type=\"section\" data-settings=\"{&quot;background_background&quot;:&quot;classic&quot;}\">\n\t\t\t\t\t\t\t<div class=\"elementor-background-overlay\"><\/div>\n\t\t\t\t\t\t\t<div class=\"elementor-container elementor-column-gap-default\">\n\t\t\t\t\t<div class=\"elementor-column elementor-col-100 elementor-top-column elementor-element elementor-element-7f19f25b\" data-id=\"7f19f25b\" data-element_type=\"column\" data-e-type=\"column\">\n\t\t\t<div class=\"elementor-widget-wrap elementor-element-populated\">\n\t\t\t\t\t\t<div class=\"elementor-element elementor-element-4a233588 elementor-widget elementor-widget-heading\" data-id=\"4a233588\" data-element_type=\"widget\" data-e-type=\"widget\" data-widget_type=\"heading.default\">\n\t\t\t\t<div class=\"elementor-widget-container\">\n\t\t\t\t\t<h1 class=\"elementor-heading-title elementor-size-default\">Spa<\/h1>\t\t\t\t<\/div>\n\t\t\t\t<\/div>\n\t\t\t\t<div class=\"elementor-element elementor-element-19f3a0b3 elementor-widget elementor-widget-heading\" data-id=\"19f3a0b3\" data-element_type=\"widget\" data-e-type=\"widget\" data-widget_type=\"heading.default\">\n\t\t\t\t<div class=\"elementor-widget-container\">\n\t\t\t\t\t<h4 class=\"elementor-heading-title elementor-size-default\">Furadouro Hotel<\/h4>\t\t\t\t<\/div>\n\t\t\t\t<\/div>\n\t\t\t\t\t<\/div>\n\t\t<\/div>\n\t\t\t\t\t<\/div>\n\t\t<\/section>\n\t\t<div class=\"elementor-element elementor-element-d8b44b6 e-flex e-con-boxed e-con e-parent\" data-id=\"d8b44b6\" data-element_type=\"container\" data-e-type=\"container\">\n\t\t\t\t\t<div class=\"e-con-inner\">\n\t\t<div class=\"elementor-element elementor-element-f365b0a e-con-full e-flex e-con e-child\" data-id=\"f365b0a\" data-element_type=\"container\" data-e-type=\"container\">\n\t\t\t\t<div class=\"elementor-element elementor-element-ac6d030 elementor-widget elementor-widget-heading\" data-id=\"ac6d030\" data-element_type=\"widget\" data-e-type=\"widget\" data-widget_type=\"heading.default\">\n\t\t\t\t<div class=\"elementor-widget-container\">\n\t\t\t\t\t<h2 class=\"elementor-heading-title elementor-size-default\">Paradise by the sea<\/h2>\t\t\t\t<\/div>\n\t\t\t\t<\/div>\n\t\t\t\t<div class=\"elementor-element elementor-element-ad40b20 elementor-widget elementor-widget-text-editor\" data-id=\"ad40b20\" data-element_type=\"widget\" data-e-type=\"widget\" data-widget_type=\"text-editor.default\">\n\t\t\t\t<div class=\"elementor-widget-container\">\n\t\t\t\t\t\t\t\t\t<p><em><strong>The Furadouro Hotel SPA offers an experience to the relaxing sound of the sea waves.<\/strong><\/em><\/p><p>Thinking of you and for you, we present a wide range of treatments and rituals that will provide you with moments of relaxation, revitalization and well-being.<\/p><p>Find out more about our offers and their prices in our <a style=\"color: black;\" href=\"https:\/\/furadourohotel.com\/wp-content\/uploads\/2024\/05\/SPA-SERVICE-MENU-2024-FURADOURO-SPA-HOTEL.pdf\" target=\"\u201d_blank\u201d\"><br \/><strong>SPA Services Menu<\/strong><br \/><\/a>.<\/p>\t\t\t\t\t\t\t\t<\/div>\n\t\t\t\t<\/div>\n\t\t\t\t<div class=\"elementor-element elementor-element-b68ffb0 elementor-widget elementor-widget-heading\" data-id=\"b68ffb0\" data-element_type=\"widget\" data-e-type=\"widget\" data-widget_type=\"heading.default\">\n\t\t\t\t<div class=\"elementor-widget-container\">\n\t\t\t\t\t<h4 class=\"elementor-heading-title elementor-size-default\">Opening Hours<\/h4>\t\t\t\t<\/div>\n\t\t\t\t<\/div>\n\t\t\t\t<div class=\"elementor-element elementor-element-3fc73a1 elementor-icon-list--layout-inline elementor-align-center elementor-list-item-link-full_width elementor-widget elementor-widget-icon-list\" data-id=\"3fc73a1\" data-element_type=\"widget\" data-e-type=\"widget\" data-widget_type=\"icon-list.default\">\n\t\t\t\t<div class=\"elementor-widget-container\">\n\t\t\t\t\t\t\t<ul class=\"elementor-icon-list-items elementor-inline-items\">\n\t\t\t\t\t\t\t<li class=\"elementor-icon-list-item elementor-inline-item\">\n\t\t\t\t\t\t\t\t\t\t<span class=\"elementor-icon-list-text\"><b>Daily<\/b><\/span>\n\t\t\t\t\t\t\t\t\t<\/li>\n\t\t\t\t\t\t\t\t<li class=\"elementor-icon-list-item elementor-inline-item\">\n\t\t\t\t\t\t\t\t\t\t<span class=\"elementor-icon-list-text\">10 a.m. to 8 p.m.<\/span>\n\t\t\t\t\t\t\t\t\t<\/li>\n\t\t\t\t\t\t\t\t<li class=\"elementor-icon-list-item elementor-inline-item\">\n\t\t\t\t\t\t\t\t\t\t<span class=\"elementor-icon-list-text\"><u><b>Exclusive access for people over 16.<\/b><\/u><\/span>\n\t\t\t\t\t\t\t\t\t<\/li>\n\t\t\t\t\t\t<\/ul>\n\t\t\t\t\t\t<\/div>\n\t\t\t\t<\/div>\n\t\t\t\t<\/div>\n\t\t\t\t\t<\/div>\n\t\t\t\t<\/div>\n\t\t<div class=\"elementor-element elementor-element-66dad69 e-flex e-con-boxed e-con e-parent\" data-id=\"66dad69\" data-element_type=\"container\" data-e-type=\"container\" data-settings=\"{&quot;background_background&quot;:&quot;classic&quot;}\">\n\t\t\t\t\t<div class=\"e-con-inner\">\n\t\t\t\t<div class=\"elementor-element elementor-element-38c6ca3 elementor-widget elementor-widget-heading\" data-id=\"38c6ca3\" data-element_type=\"widget\" data-e-type=\"widget\" data-widget_type=\"heading.default\">\n\t\t\t\t<div class=\"elementor-widget-container\">\n\t\t\t\t\t<h2 class=\"elementor-heading-title elementor-size-default\">The spa has massage and treatment rooms, a relaxation room, a fitness room, an indoor pool, a sauna and a Turkish bath.<\/h2>\t\t\t\t<\/div>\n\t\t\t\t<\/div>\n\t\t\t\t\t<\/div>\n\t\t\t\t<\/div>\n\t\t\t\t<section class=\"elementor-section elementor-top-section elementor-element elementor-element-da932ee elementor-section-full_width elementor-section-height-min-height elementor-section-items-stretch elementor-section-height-default\" data-id=\"da932ee\" data-element_type=\"section\" data-e-type=\"section\">\n\t\t\t\t\t\t<div class=\"elementor-container elementor-column-gap-no\">\n\t\t\t\t\t<div class=\"elementor-column elementor-col-33 elementor-top-column elementor-element elementor-element-04088eb\" data-id=\"04088eb\" data-element_type=\"column\" data-e-type=\"column\">\n\t\t\t<div class=\"elementor-widget-wrap elementor-element-populated\">\n\t\t\t\t\t\t<div class=\"elementor-element elementor-element-806f559 elementor-widget elementor-widget-text-editor\" data-id=\"806f559\" data-element_type=\"widget\" data-e-type=\"widget\" data-widget_type=\"text-editor.default\">\n\t\t\t\t<div class=\"elementor-widget-container\">\n\t\t\t\t\t\t\t\t\t<h3 class=\"wp-block-heading\">Marca\u00e7\u00f5es<\/h3>\n<p class=\"wp-block-heading\">A sua marca\u00e7\u00e3o dever\u00e1 ser feita com a devida anteced\u00eancia por forma a beneficiar do hor\u00e1rio que mais deseje. As marca\u00e7\u00f5es, sempre sujeitas \u00e0 disponibilidade, poder\u00e3o ser feitas diretamente na\u00a0<strong>Rece\u00e7\u00e3o do SPA<\/strong>, atrav\u00e9s do email\u00a0<strong>spa@furadourohotel.com<\/strong>\u00a0ou pelo Tel:\u00a0<strong>256 590 090.<\/strong><\/p>\t\t\t\t\t\t\t\t<\/div>\n\t\t\t\t<\/div>\n\t\t\t\t<div class=\"elementor-element elementor-element-c25c4e3 elementor-widget-mobile__width-inherit elementor-widget elementor-widget-heading\" data-id=\"c25c4e3\" data-element_type=\"widget\" data-e-type=\"widget\" data-widget_type=\"heading.default\">\n\t\t\t\t<div class=\"elementor-widget-container\">\n\t\t\t\t\t<h3 class=\"elementor-heading-title elementor-size-default\">Regulamento e Etiqueta do SPA<\/h3>\t\t\t\t<\/div>\n\t\t\t\t<\/div>\n\t\t\t\t<div class=\"elementor-element elementor-element-c0558e9 elementor-widget elementor-widget-text-editor\" data-id=\"c0558e9\" data-element_type=\"widget\" data-e-type=\"widget\" data-widget_type=\"text-editor.default\">\n\t\t\t\t<div class=\"elementor-widget-container\">\n\t\t\t\t\t\t\t\t\t<p><strong><em>O Furadouro SPA e toda a sua envolv\u00eancia \u00e9 um espa\u00e7o de serenidade, relaxamento e bem estar onde pode despertar todos os seus sentidos<\/em><\/strong><\/p>\n\t\t\t\t\t\t\t\t<\/div>\n\t\t\t\t<\/div>\n\t\t\t\t<div class=\"elementor-element elementor-element-991a1de elementor-align-left elementor-widget elementor-widget-button\" data-id=\"991a1de\" data-element_type=\"widget\" data-e-type=\"widget\" data-widget_type=\"button.default\">\n\t\t\t\t<div class=\"elementor-widget-container\">\n\t\t\t\t\t\t\t\t\t<div class=\"elementor-button-wrapper\">\n\t\t\t\t\t<a class=\"elementor-button elementor-button-link elementor-size-xs\" href=\"https:\/\/furadourohotel.com\/wp-content\/uploads\/2024\/04\/Regulamento-Etiqueta-SPA-Furadouro-Hotel-2024.pdf\" target=\"_blank\">\n\t\t\t\t\t\t<span class=\"elementor-button-content-wrapper\">\n\t\t\t\t\t\t\t\t\t<span class=\"elementor-button-text\">Regulamento e etiqueta<\/span>\n\t\t\t\t\t<\/span>\n\t\t\t\t\t<\/a>\n\t\t\t\t<\/div>\n\t\t\t\t\t\t\t\t<\/div>\n\t\t\t\t<\/div>\n\t\t\t\t\t<\/div>\n\t\t<\/div>\n\t\t\t\t<div class=\"elementor-column elementor-col-33 elementor-top-column elementor-element elementor-element-3716498\" data-id=\"3716498\" data-element_type=\"column\" data-e-type=\"column\" data-settings=\"{&quot;background_background&quot;:&quot;classic&quot;}\">\n\t\t\t<div class=\"elementor-widget-wrap elementor-element-populated\">\n\t\t\t\t\t\t<div class=\"elementor-element elementor-element-2480cf2 elementor-widget elementor-widget-spacer\" data-id=\"2480cf2\" data-element_type=\"widget\" data-e-type=\"widget\" data-widget_type=\"spacer.default\">\n\t\t\t\t<div class=\"elementor-widget-container\">\n\t\t\t\t\t\t\t<div class=\"elementor-spacer\">\n\t\t\t<div class=\"elementor-spacer-inner\"><\/div>\n\t\t<\/div>\n\t\t\t\t\t\t<\/div>\n\t\t\t\t<\/div>\n\t\t\t\t\t<\/div>\n\t\t<\/div>\n\t\t\t\t<div class=\"elementor-column elementor-col-33 elementor-top-column elementor-element elementor-element-5c1c3c9\" data-id=\"5c1c3c9\" data-element_type=\"column\" data-e-type=\"column\" data-settings=\"{&quot;background_background&quot;:&quot;classic&quot;}\">\n\t\t\t<div class=\"elementor-widget-wrap\">\n\t\t\t\t\t\t\t<\/div>\n\t\t<\/div>\n\t\t\t\t\t<\/div>\n\t\t<\/section>\n\t\t<div class=\"elementor-element elementor-element-f6fea31 e-flex e-con-boxed e-con e-parent\" data-id=\"f6fea31\" data-element_type=\"container\" data-e-type=\"container\">\n\t\t\t\t\t<div class=\"e-con-inner\">\n\t\t<div class=\"elementor-element elementor-element-c8ca855 e-con-full e-flex e-con e-child\" data-id=\"c8ca855\" data-element_type=\"container\" data-e-type=\"container\">\n\t\t\t\t<div class=\"elementor-element elementor-element-16ff4d2 elementor-widget elementor-widget-heading\" data-id=\"16ff4d2\" data-element_type=\"widget\" data-e-type=\"widget\" data-widget_type=\"heading.default\">\n\t\t\t\t<div class=\"elementor-widget-container\">\n\t\t\t\t\t<h4 class=\"elementor-heading-title elementor-size-default\">For more information and appointments<\/h4>\t\t\t\t<\/div>\n\t\t\t\t<\/div>\n\t\t\t\t<div class=\"elementor-element elementor-element-076853b elementor-widget elementor-widget-button\" data-id=\"076853b\" data-element_type=\"widget\" data-e-type=\"widget\" data-widget_type=\"button.default\">\n\t\t\t\t<div class=\"elementor-widget-container\">\n\t\t\t\t\t\t\t\t\t<div class=\"elementor-button-wrapper\">\n\t\t\t\t\t<a class=\"elementor-button elementor-button-link elementor-size-sm\" href=\"tel:+351256590090\">\n\t\t\t\t\t\t<span class=\"elementor-button-content-wrapper\">\n\t\t\t\t\t\t\t\t\t<span class=\"elementor-button-text\">(+351) 256 590 090<\/span>\n\t\t\t\t\t<\/span>\n\t\t\t\t\t<\/a>\n\t\t\t\t<\/div>\n\t\t\t\t\t\t\t\t<\/div>\n\t\t\t\t<\/div>\n\t\t\t\t<div class=\"elementor-element elementor-element-3e64845 elementor-widget elementor-widget-heading\" data-id=\"3e64845\" data-element_type=\"widget\" data-e-type=\"widget\" data-widget_type=\"heading.default\">\n\t\t\t\t<div class=\"elementor-widget-container\">\n\t\t\t\t\t<p class=\"elementor-heading-title elementor-size-default\">reserva@furadourohotel.com<\/p>\t\t\t\t<\/div>\n\t\t\t\t<\/div>\n\t\t\t\t<div class=\"elementor-element elementor-element-3474e41 elementor-widget elementor-widget-heading\" data-id=\"3474e41\" data-element_type=\"widget\" data-e-type=\"widget\" data-widget_type=\"heading.default\">\n\t\t\t\t<div class=\"elementor-widget-container\">\n\t\t\t\t\t<p class=\"elementor-heading-title elementor-size-default\"><a href=\"mailto:spa@furadourohotel.com\">spa@furadourohotel.com<\/a><\/p>\t\t\t\t<\/div>\n\t\t\t\t<\/div>\n\t\t\t\t<div class=\"elementor-element elementor-element-3d9e60a elementor-widget elementor-widget-gallery\" data-id=\"3d9e60a\" data-element_type=\"widget\" data-e-type=\"widget\" data-settings=\"{&quot;gallery_layout&quot;:&quot;masonry&quot;,&quot;columns&quot;:3,&quot;gap&quot;:{&quot;unit&quot;:&quot;px&quot;,&quot;size&quot;:4,&quot;sizes&quot;:[]},&quot;lazyload&quot;:&quot;yes&quot;,&quot;columns_tablet&quot;:2,&quot;columns_mobile&quot;:1,&quot;gap_tablet&quot;:{&quot;unit&quot;:&quot;px&quot;,&quot;size&quot;:10,&quot;sizes&quot;:[]},&quot;gap_mobile&quot;:{&quot;unit&quot;:&quot;px&quot;,&quot;size&quot;:10,&quot;sizes&quot;:[]},&quot;link_to&quot;:&quot;file&quot;,&quot;overlay_background&quot;:&quot;yes&quot;,&quot;content_hover_animation&quot;:&quot;fade-in&quot;}\" data-widget_type=\"gallery.default\">\n\t\t\t\t<div class=\"elementor-widget-container\">\n\t\t\t\t\t\t\t<div class=\"elementor-gallery__container\">\n\t\t\t\t\t\t\t<a class=\"e-gallery-item elementor-gallery-item elementor-animated-content\" href=\"https:\/\/furadourohotel.com\/wp-content\/uploads\/2024\/04\/spa-galeria-20-04-05.jpg\" data-elementor-open-lightbox=\"yes\" data-elementor-lightbox-slideshow=\"3d9e60a\" data-elementor-lightbox-title=\"spa-galeria-20-04-05\" data-e-action-hash=\"#elementor-action%3Aaction%3Dlightbox%26settings%3DeyJpZCI6Mjc4MiwidXJsIjoiaHR0cHM6XC9cL2Z1cmFkb3Vyb2hvdGVsLmNvbVwvd3AtY29udGVudFwvdXBsb2Fkc1wvMjAyNFwvMDRcL3NwYS1nYWxlcmlhLTIwLTA0LTA1LmpwZyIsInNsaWRlc2hvdyI6IjNkOWU2MGEifQ%3D%3D\">\n\t\t\t\t\t<div class=\"e-gallery-image elementor-gallery-item__image\" data-thumbnail=\"https:\/\/furadourohotel.com\/wp-content\/uploads\/2024\/04\/spa-galeria-20-04-05.jpg\" data-width=\"1024\" data-height=\"674\" aria-label=\"\" role=\"img\" ><\/div>\n\t\t\t\t\t\t\t\t\t\t\t<div class=\"elementor-gallery-item__overlay\"><\/div>\n\t\t\t\t\t\t\t\t\t\t\t\t\t\t<\/a>\n\t\t\t\t\t\t\t<a class=\"e-gallery-item elementor-gallery-item elementor-animated-content\" href=\"https:\/\/furadourohotel.com\/wp-content\/uploads\/2024\/04\/spa-galeria-20-04-03.jpg\" data-elementor-open-lightbox=\"yes\" data-elementor-lightbox-slideshow=\"3d9e60a\" data-elementor-lightbox-title=\"spa-galeria-20-04-03\" data-e-action-hash=\"#elementor-action%3Aaction%3Dlightbox%26settings%3DeyJpZCI6Mjc3OCwidXJsIjoiaHR0cHM6XC9cL2Z1cmFkb3Vyb2hvdGVsLmNvbVwvd3AtY29udGVudFwvdXBsb2Fkc1wvMjAyNFwvMDRcL3NwYS1nYWxlcmlhLTIwLTA0LTAzLmpwZyIsInNsaWRlc2hvdyI6IjNkOWU2MGEifQ%3D%3D\">\n\t\t\t\t\t<div class=\"e-gallery-image elementor-gallery-item__image\" data-thumbnail=\"https:\/\/furadourohotel.com\/wp-content\/uploads\/2024\/04\/spa-galeria-20-04-03.jpg\" data-width=\"1024\" data-height=\"674\" aria-label=\"\" role=\"img\" ><\/div>\n\t\t\t\t\t\t\t\t\t\t\t<div class=\"elementor-gallery-item__overlay\"><\/div>\n\t\t\t\t\t\t\t\t\t\t\t\t\t\t<\/a>\n\t\t\t\t\t\t\t<a class=\"e-gallery-item elementor-gallery-item elementor-animated-content\" href=\"https:\/\/furadourohotel.com\/wp-content\/uploads\/2023\/07\/spa-galeria-09.jpg\" data-elementor-open-lightbox=\"yes\" data-elementor-lightbox-slideshow=\"3d9e60a\" data-elementor-lightbox-title=\"spa-galeria-09\" data-e-action-hash=\"#elementor-action%3Aaction%3Dlightbox%26settings%3DeyJpZCI6MTcyNiwidXJsIjoiaHR0cHM6XC9cL2Z1cmFkb3Vyb2hvdGVsLmNvbVwvd3AtY29udGVudFwvdXBsb2Fkc1wvMjAyM1wvMDdcL3NwYS1nYWxlcmlhLTA5LmpwZyIsInNsaWRlc2hvdyI6IjNkOWU2MGEifQ%3D%3D\">\n\t\t\t\t\t<div class=\"e-gallery-image elementor-gallery-item__image\" data-thumbnail=\"https:\/\/furadourohotel.com\/wp-content\/uploads\/2023\/07\/spa-galeria-09.jpg\" data-width=\"1024\" data-height=\"674\" aria-label=\"\" role=\"img\" ><\/div>\n\t\t\t\t\t\t\t\t\t\t\t<div class=\"elementor-gallery-item__overlay\"><\/div>\n\t\t\t\t\t\t\t\t\t\t\t\t\t\t<\/a>\n\t\t\t\t\t\t\t<a class=\"e-gallery-item elementor-gallery-item elementor-animated-content\" href=\"https:\/\/furadourohotel.com\/wp-content\/uploads\/2024\/04\/spa-galeria-20-04-04.jpg\" data-elementor-open-lightbox=\"yes\" data-elementor-lightbox-slideshow=\"3d9e60a\" data-elementor-lightbox-title=\"spa-galeria-20-04-04\" data-e-action-hash=\"#elementor-action%3Aaction%3Dlightbox%26settings%3DeyJpZCI6Mjc4MCwidXJsIjoiaHR0cHM6XC9cL2Z1cmFkb3Vyb2hvdGVsLmNvbVwvd3AtY29udGVudFwvdXBsb2Fkc1wvMjAyNFwvMDRcL3NwYS1nYWxlcmlhLTIwLTA0LTA0LmpwZyIsInNsaWRlc2hvdyI6IjNkOWU2MGEifQ%3D%3D\">\n\t\t\t\t\t<div class=\"e-gallery-image elementor-gallery-item__image\" data-thumbnail=\"https:\/\/furadourohotel.com\/wp-content\/uploads\/2024\/04\/spa-galeria-20-04-04.jpg\" data-width=\"1024\" data-height=\"674\" aria-label=\"\" role=\"img\" ><\/div>\n\t\t\t\t\t\t\t\t\t\t\t<div class=\"elementor-gallery-item__overlay\"><\/div>\n\t\t\t\t\t\t\t\t\t\t\t\t\t\t<\/a>\n\t\t\t\t\t\t\t<a class=\"e-gallery-item elementor-gallery-item elementor-animated-content\" href=\"https:\/\/furadourohotel.com\/wp-content\/uploads\/2024\/04\/spa-galeria-20-04-02.jpg\" data-elementor-open-lightbox=\"yes\" data-elementor-lightbox-slideshow=\"3d9e60a\" data-elementor-lightbox-title=\"spa-galeria-20-04-02\" data-e-action-hash=\"#elementor-action%3Aaction%3Dlightbox%26settings%3DeyJpZCI6Mjc3NiwidXJsIjoiaHR0cHM6XC9cL2Z1cmFkb3Vyb2hvdGVsLmNvbVwvd3AtY29udGVudFwvdXBsb2Fkc1wvMjAyNFwvMDRcL3NwYS1nYWxlcmlhLTIwLTA0LTAyLmpwZyIsInNsaWRlc2hvdyI6IjNkOWU2MGEifQ%3D%3D\">\n\t\t\t\t\t<div class=\"e-gallery-image elementor-gallery-item__image\" data-thumbnail=\"https:\/\/furadourohotel.com\/wp-content\/uploads\/2024\/04\/spa-galeria-20-04-02.jpg\" data-width=\"1024\" data-height=\"674\" aria-label=\"\" role=\"img\" ><\/div>\n\t\t\t\t\t\t\t\t\t\t\t<div class=\"elementor-gallery-item__overlay\"><\/div>\n\t\t\t\t\t\t\t\t\t\t\t\t\t\t<\/a>\n\t\t\t\t\t\t\t<a class=\"e-gallery-item elementor-gallery-item elementor-animated-content\" href=\"https:\/\/furadourohotel.com\/wp-content\/uploads\/2023\/07\/spa-galeria-05.jpg\" data-elementor-open-lightbox=\"yes\" data-elementor-lightbox-slideshow=\"3d9e60a\" data-elementor-lightbox-title=\"spa-galeria-05\" data-e-action-hash=\"#elementor-action%3Aaction%3Dlightbox%26settings%3DeyJpZCI6MTcxOCwidXJsIjoiaHR0cHM6XC9cL2Z1cmFkb3Vyb2hvdGVsLmNvbVwvd3AtY29udGVudFwvdXBsb2Fkc1wvMjAyM1wvMDdcL3NwYS1nYWxlcmlhLTA1LmpwZyIsInNsaWRlc2hvdyI6IjNkOWU2MGEifQ%3D%3D\">\n\t\t\t\t\t<div class=\"e-gallery-image elementor-gallery-item__image\" data-thumbnail=\"https:\/\/furadourohotel.com\/wp-content\/uploads\/2023\/07\/spa-galeria-05.jpg\" data-width=\"1024\" data-height=\"674\" aria-label=\"\" role=\"img\" ><\/div>\n\t\t\t\t\t\t\t\t\t\t\t<div class=\"elementor-gallery-item__overlay\"><\/div>\n\t\t\t\t\t\t\t\t\t\t\t\t\t\t<\/a>\n\t\t\t\t\t\t\t<a class=\"e-gallery-item elementor-gallery-item elementor-animated-content\" href=\"https:\/\/furadourohotel.com\/wp-content\/uploads\/2023\/07\/spa-galeria-06.jpg\" data-elementor-open-lightbox=\"yes\" data-elementor-lightbox-slideshow=\"3d9e60a\" data-elementor-lightbox-title=\"spa-galeria-06\" data-e-action-hash=\"#elementor-action%3Aaction%3Dlightbox%26settings%3DeyJpZCI6MTcyMCwidXJsIjoiaHR0cHM6XC9cL2Z1cmFkb3Vyb2hvdGVsLmNvbVwvd3AtY29udGVudFwvdXBsb2Fkc1wvMjAyM1wvMDdcL3NwYS1nYWxlcmlhLTA2LmpwZyIsInNsaWRlc2hvdyI6IjNkOWU2MGEifQ%3D%3D\">\n\t\t\t\t\t<div class=\"e-gallery-image elementor-gallery-item__image\" data-thumbnail=\"https:\/\/furadourohotel.com\/wp-content\/uploads\/2023\/07\/spa-galeria-06.jpg\" data-width=\"1024\" data-height=\"674\" aria-label=\"\" role=\"img\" ><\/div>\n\t\t\t\t\t\t\t\t\t\t\t<div class=\"elementor-gallery-item__overlay\"><\/div>\n\t\t\t\t\t\t\t\t\t\t\t\t\t\t<\/a>\n\t\t\t\t\t\t\t<a class=\"e-gallery-item elementor-gallery-item elementor-animated-content\" href=\"https:\/\/furadourohotel.com\/wp-content\/uploads\/2023\/07\/spa-galeria-01.jpg\" data-elementor-open-lightbox=\"yes\" data-elementor-lightbox-slideshow=\"3d9e60a\" data-elementor-lightbox-title=\"spa-galeria-01\" data-e-action-hash=\"#elementor-action%3Aaction%3Dlightbox%26settings%3DeyJpZCI6MTcxMiwidXJsIjoiaHR0cHM6XC9cL2Z1cmFkb3Vyb2hvdGVsLmNvbVwvd3AtY29udGVudFwvdXBsb2Fkc1wvMjAyM1wvMDdcL3NwYS1nYWxlcmlhLTAxLmpwZyIsInNsaWRlc2hvdyI6IjNkOWU2MGEifQ%3D%3D\">\n\t\t\t\t\t<div class=\"e-gallery-image elementor-gallery-item__image\" data-thumbnail=\"https:\/\/furadourohotel.com\/wp-content\/uploads\/2023\/07\/spa-galeria-01.jpg\" data-width=\"1024\" data-height=\"674\" aria-label=\"\" role=\"img\" ><\/div>\n\t\t\t\t\t\t\t\t\t\t\t<div class=\"elementor-gallery-item__overlay\"><\/div>\n\t\t\t\t\t\t\t\t\t\t\t\t\t\t<\/a>\n\t\t\t\t\t\t\t<a class=\"e-gallery-item elementor-gallery-item elementor-animated-content\" href=\"https:\/\/furadourohotel.com\/wp-content\/uploads\/2024\/04\/spa-galeria-20-04-01.jpg\" data-elementor-open-lightbox=\"yes\" data-elementor-lightbox-slideshow=\"3d9e60a\" data-elementor-lightbox-title=\"spa-galeria-20-04-01\" data-e-action-hash=\"#elementor-action%3Aaction%3Dlightbox%26settings%3DeyJpZCI6Mjc3NCwidXJsIjoiaHR0cHM6XC9cL2Z1cmFkb3Vyb2hvdGVsLmNvbVwvd3AtY29udGVudFwvdXBsb2Fkc1wvMjAyNFwvMDRcL3NwYS1nYWxlcmlhLTIwLTA0LTAxLmpwZyIsInNsaWRlc2hvdyI6IjNkOWU2MGEifQ%3D%3D\">\n\t\t\t\t\t<div class=\"e-gallery-image elementor-gallery-item__image\" data-thumbnail=\"https:\/\/furadourohotel.com\/wp-content\/uploads\/2024\/04\/spa-galeria-20-04-01.jpg\" data-width=\"1024\" data-height=\"674\" aria-label=\"\" role=\"img\" ><\/div>\n\t\t\t\t\t\t\t\t\t\t\t<div class=\"elementor-gallery-item__overlay\"><\/div>\n\t\t\t\t\t\t\t\t\t\t\t\t\t\t<\/a>\n\t\t\t\t\t<\/div>\n\t\t\t\t\t<\/div>\n\t\t\t\t<\/div>\n\t\t\t\t<\/div>\n\t\t\t\t\t<\/div>\n\t\t\t\t<\/div>\n\t\t\t\t<\/div>\n\t\t","protected":false},"excerpt":{"rendered":"<p>The Furadouro Spa is a space dedicated to treatment and relaxation a sensory experience of pleasure and total well-being.<\/p>\n","protected":false},"author":1,"featured_media":557,"parent":0,"menu_order":0,"comment_status":"closed","ping_status":"closed","template":"elementor_header_footer","meta":{"iawp_total_views":1567,"footnotes":""},"class_list":["post-1907","page","type-page","status-publish","has-post-thumbnail","hentry"],"_links":{"self":[{"href":"https:\/\/furadourohotel.com\/en\/wp-json\/wp\/v2\/pages\/1907","targetHints":{"allow":["GET"]}}],"collection":[{"href":"https:\/\/furadourohotel.com\/en\/wp-json\/wp\/v2\/pages"}],"about":[{"href":"https:\/\/furadourohotel.com\/en\/wp-json\/wp\/v2\/types\/page"}],"author":[{"embeddable":true,"href":"https:\/\/furadourohotel.com\/en\/wp-json\/wp\/v2\/users\/1"}],"replies":[{"embeddable":true,"href":"https:\/\/furadourohotel.com\/en\/wp-json\/wp\/v2\/comments?post=1907"}],"version-history":[{"count":28,"href":"https:\/\/furadourohotel.com\/en\/wp-json\/wp\/v2\/pages\/1907\/revisions"}],"predecessor-version":[{"id":3140,"href":"https:\/\/furadourohotel.com\/en\/wp-json\/wp\/v2\/pages\/1907\/revisions\/3140"}],"wp:featuredmedia":[{"embeddable":true,"href":"https:\/\/furadourohotel.com\/en\/wp-json\/wp\/v2\/media\/557"}],"wp:attachment":[{"href":"https:\/\/furadourohotel.com\/en\/wp-json\/wp\/v2\/media?parent=1907"}],"curies":[{"name":"wp","href":"https:\/\/api.w.org\/{rel}","templated":true}]}}